{"id":27,"date":"2017-03-23T11:37:39","date_gmt":"2017-03-23T11:37:39","guid":{"rendered":"https:\/\/themify.me\/demo\/themes\/ultra-accountant\/?page_id=6385"},"modified":"2024-03-19T10:17:32","modified_gmt":"2024-03-19T10:17:32","slug":"kapcsolat","status":"publish","type":"page","link":"https:\/\/civilpart.hu\/?page_id=27","title":{"rendered":"Kapcsolat"},"content":{"rendered":"<div id=\"themify_builder_content-27\" data-postid=\"27\" class=\"themify_builder_content themify_builder_content-27 themify_builder\">\n\n    \t\t\t\t<!-- module_row -->\n\t\t<div  class=\"themify_builder_row module_row clearfix vertical-divider row-newsletter input-bg-white fullcover fullwidth module_row_0 themify_builder_27_row module_row_27-0\">\n\t\t\t<div class=\"builder_row_cover \"><\/div>\t\t\t<div class=\"row_inner col_align_top\" >\n                            \n\t\t<div  class=\"module_column tb-column col-full first tb_27_column module_column_0 module_column_27-0-0\" >\n                                                                <div class=\"tb-column-inner\">\n                            \n\n    <!-- module fancy heading -->\n    <div  id=\"fancy-heading-27-0-0-0\" class=\"module module-fancy-heading fancy-heading-27-0-0-0  \">\n        <!--insert-->\n        <h1 class=\"fancy-heading themify-text-center\">\n        <span class=\"main-head\">Kapcsolat<\/span>\n        <span class=\"sub-head\">A p\u00e1rtok feladata hogy k\u00f6zvet\u00edts\u00e9k az emberek gondolatait<\/span>\n        <\/h1>\n    <\/div>\n    <!-- \/module fancy heading -->\n\n\n\n<!-- module text -->\n<div  id=\"text-27-0-0-1\" class=\"module module-text text-27-0-0-1  repeat  \">\n    <!--insert-->\n    \n        <p>\u00c9s megval\u00f3s\u00edts\u00e1k azokat\u00a0amennyiben\u00a0m\u00f3djukban \u00e1ll.<\/p>        <\/div>\n<!-- \/module text -->\n\n                        <\/div>\n                    \t\t<\/div>\n\t\t                                <\/div>\n                                <!-- \/row_inner -->\n                        <\/div>\n                        <!-- \/module_row -->\n\t\t\t\t\t\t<!-- module_row -->\n\t\t<div  class=\"themify_builder_row module_row clearfix repeat module_row_1 themify_builder_27_row module_row_27-1\">\n\t\t\t\t\t\t<div class=\"row_inner col_align_top\" >\n                            \n\t\t<div  class=\"module_column tb-column col3-1 first tb_27_column module_column_0 module_column_27-1-0\" >\n                                                                <div class=\"tb-column-inner\">\n                            \n\n    <!-- module icon -->\n    <div id=\"icon-27-1-0-0\" class=\"module icon-27-1-0-0  \">\n        <!--insert-->\n        \n        <div class=\"module-icon normal none icon_vertical icon_position_left\">\n                            <div class=\"module-icon-item\">\n                                                                        <i class=\"fa fa-phone ui blue\"><\/i>\n                                                                                        <\/div>\n                    <\/div>\n    <\/div>\n    <!-- \/module icon -->\n\n\n\n<!-- module text -->\n<div  id=\"text-27-1-0-1\" class=\"module module-text text-27-1-0-1  repeat  \">\n    <!--insert-->\n    \n        <p>(+36) 70\/605-7431<\/p>        <\/div>\n<!-- \/module text -->\n\n                        <\/div>\n                    \t\t<\/div>\n\t\t\n\t\t<div  class=\"module_column tb-column col3-1 middle tb_27_column module_column_1 module_column_27-1-1\" >\n                                                                <div class=\"tb-column-inner\">\n                            \n\n    <!-- module icon -->\n    <div id=\"icon-27-1-1-0\" class=\"module icon-27-1-1-0  \">\n        <!--insert-->\n        \n        <div class=\"module-icon normal none icon_vertical icon_position_left\">\n                            <div class=\"module-icon-item\">\n                                                                        <i class=\"fa fa-map-marker ui blue\"><\/i>\n                                                                                        <\/div>\n                    <\/div>\n    <\/div>\n    <!-- \/module icon -->\n\n\n\n<!-- module text -->\n<div  id=\"text-27-1-1-1\" class=\"module module-text text-27-1-1-1  repeat  \">\n    <!--insert-->\n    \n        <p>Budapest\u00a0 1163 Kicsi utca 1\/2<\/p>        <\/div>\n<!-- \/module text -->\n\n                        <\/div>\n                    \t\t<\/div>\n\t\t\n\t\t<div  class=\"module_column tb-column col3-1 last tb_27_column module_column_2 module_column_27-1-2\" >\n                                                                <div class=\"tb-column-inner\">\n                            \n\n    <!-- module icon -->\n    <div id=\"icon-27-1-2-0\" class=\"module icon-27-1-2-0  \">\n        <!--insert-->\n        \n        <div class=\"module-icon normal none icon_vertical icon_position_left\">\n                            <div class=\"module-icon-item\">\n                                                                        <i class=\"fa fa-envelope-o ui blue\"><\/i>\n                                                                                        <\/div>\n                    <\/div>\n    <\/div>\n    <!-- \/module icon -->\n\n\n\n<!-- module text -->\n<div  id=\"text-27-1-2-1\" class=\"module module-text text-27-1-2-1  repeat  \">\n    <!--insert-->\n    \n        <p>ocp.informacio@gmail.com<\/p>        <\/div>\n<!-- \/module text -->\n\n                        <\/div>\n                    \t\t<\/div>\n\t\t                                <\/div>\n                                <!-- \/row_inner -->\n                        <\/div>\n                        <!-- \/module_row -->\n\t\t\t\t\t\t<!-- module_row -->\n\t\t<div  class=\"themify_builder_row module_row clearfix module_row_2 themify_builder_27_row module_row_27-2\">\n\t\t\t\t\t\t<div class=\"row_inner col_align_top gutter-none\"   data-basecol=\"3\" data-col_tablet=\"tablet-full\">\n                            \n\t\t<div  class=\"module_column tb-column col4-1 first tb_27_column module_column_0 module_column_27-2-0\" >\n                                        \t\t<\/div>\n\t\t\n\t\t<div  class=\"module_column tb-column col4-2 middle tb_27_column module_column_1 module_column_27-2-1\" >\n                                                                <div class=\"tb-column-inner\">\n                            \n\n    <!-- module fancy heading -->\n    <div  id=\"fancy-heading-27-2-1-0\" class=\"module module-fancy-heading fancy-heading-27-2-1-0  \">\n        <!--insert-->\n        <h2 class=\"fancy-heading themify-text-center\">\n        <span class=\"main-head\">Mondja el v\u00e9lem\u00e9ny\u00e9t \u00e9s \u00f6tleteit hogy jobb\u00e1 tegy\u00fck az orsz\u00e1got!<\/span>\n        <span class=\"sub-head\">K\u00fcldj\u00f6n nek\u00fcnk \u00fczenetet!<\/span>\n        <\/h2>\n    <\/div>\n    <!-- \/module fancy heading -->\n\n\n\n\n    <!-- module widget -->\n    <div  id=\"widget-27-2-1-1\" class=\"module module-widget widget-27-2-1-1  repeat \">\n        <!--insert-->\n        <div class=\"widget wpforms-widget\"><div class=\"wpforms-container wpforms-container-full\" id=\"wpforms-99\"><form id=\"wpforms-form-99\" class=\"wpforms-validate wpforms-form\" data-formid=\"99\" method=\"post\" enctype=\"multipart\/form-data\" action=\"\/index.php?rest_route=%2Fwp%2Fv2%2Fpages%2F27\"><div class=\"wpforms-field-container\"><div id=\"wpforms-99-field_0-container\" class=\"wpforms-field wpforms-field-name\" data-field-id=\"0\"><label class=\"wpforms-field-label\" for=\"wpforms-99-field_0\">N\u00e9v <span class=\"wpforms-required-label\">*<\/span><\/label><input type=\"text\" id=\"wpforms-99-field_0\" class=\"wpforms-field-medium wpforms-field-required\" name=\"wpforms[fields][0]\" required><\/div><div id=\"wpforms-99-field_1-container\" class=\"wpforms-field wpforms-field-email\" data-field-id=\"1\"><label class=\"wpforms-field-label\" for=\"wpforms-99-field_1\">Email <span class=\"wpforms-required-label\">*<\/span><\/label><input type=\"email\" id=\"wpforms-99-field_1\" class=\"wpforms-field-medium wpforms-field-required\" name=\"wpforms[fields][1]\" required><\/div><div id=\"wpforms-99-field_2-container\" class=\"wpforms-field wpforms-field-textarea\" data-field-id=\"2\"><label class=\"wpforms-field-label\" for=\"wpforms-99-field_2\">\u00dczenet <span class=\"wpforms-required-label\">*<\/span><\/label><textarea id=\"wpforms-99-field_2\" class=\"wpforms-field-medium wpforms-field-required\" name=\"wpforms[fields][2]\" required><\/textarea><\/div><\/div><div class=\"wpforms-field wpforms-field-hp\"><label for=\"wpforms-field_hp\" class=\"wpforms-field-label\">Name<\/label><input type=\"text\" name=\"wpforms[hp]\" id=\"wpforms-field_hp\" class=\"wpforms-field-medium\"><\/div><div class=\"wpforms-submit-container\" ><input type=\"hidden\" name=\"wpforms[id]\" value=\"99\"><input type=\"hidden\" name=\"wpforms[author]\" value=\"1\"><button type=\"submit\" name=\"wpforms[submit]\" class=\"wpforms-submit \" id=\"wpforms-submit-99\" value=\"wpforms-submit\" data-alt-text=\"K\u00fcld\u00e9s folyamatban...\">K\u00fcld\u00e9s<\/button><\/div><\/form><\/div><\/div>    <\/div>\n    <!-- \/module widget -->\n\n                        <\/div>\n                    \t\t<\/div>\n\t\t\n\t\t<div  class=\"module_column tb-column col4-1 last tb_27_column module_column_2 module_column_27-2-2\" >\n                                        \t\t<\/div>\n\t\t                                <\/div>\n                                <!-- \/row_inner -->\n                        <\/div>\n                        <!-- \/module_row -->\n\t\t\t\t\t\t<!-- module_row -->\n\t\t<div  class=\"themify_builder_row module_row clearfix fullwidth module_row_3 themify_builder_27_row module_row_27-3\">\n\t\t\t\t\t\t<div class=\"row_inner col_align_top\" >\n                            \n\t\t<div  class=\"module_column tb-column col-full first tb_27_column module_column_0 module_column_27-3-0\" >\n                                        \t\t<\/div>\n\t\t                                <\/div>\n                                <!-- \/row_inner -->\n                        <\/div>\n                        <!-- \/module_row -->\n\t\t<\/div>\n","protected":false},"excerpt":{"rendered":"<p>KapcsolatA p\u00e1rtok feladata hogy k\u00f6zvet\u00edts\u00e9k az emberek gondolatait \u00c9s megval\u00f3s\u00edts\u00e1k azokat\u00a0amennyiben\u00a0m\u00f3djukban \u00e1ll. (+36) 70\/605-7431 Budapest\u00a0 1163 Kicsi utca 1\/2 ocp.informacio@gmail.com Mondja el v\u00e9lem\u00e9ny\u00e9t \u00e9s \u00f6tleteit hogy jobb\u00e1 tegy\u00fck az orsz\u00e1got!K\u00fcldj\u00f6n nek\u00fcnk \u00fczenetet! N\u00e9v *Email *\u00dczenet *MessageK\u00fcld\u00e9s<\/p>\n","protected":false},"author":1,"featured_media":0,"parent":0,"menu_order":0,"comment_status":"closed","ping_status":"closed","template":"","meta":{"footnotes":""},"_links":{"self":[{"href":"https:\/\/civilpart.hu\/index.php?rest_route=\/wp\/v2\/pages\/27"}],"collection":[{"href":"https:\/\/civilpart.hu\/index.php?rest_route=\/wp\/v2\/pages"}],"about":[{"href":"https:\/\/civilpart.hu\/index.php?rest_route=\/wp\/v2\/types\/page"}],"author":[{"embeddable":true,"href":"https:\/\/civilpart.hu\/index.php?rest_route=\/wp\/v2\/users\/1"}],"replies":[{"embeddable":true,"href":"https:\/\/civilpart.hu\/index.php?rest_route=%2Fwp%2Fv2%2Fcomments&post=27"}],"version-history":[{"count":27,"href":"https:\/\/civilpart.hu\/index.php?rest_route=\/wp\/v2\/pages\/27\/revisions"}],"predecessor-version":[{"id":220,"href":"https:\/\/civilpart.hu\/index.php?rest_route=\/wp\/v2\/pages\/27\/revisions\/220"}],"wp:attachment":[{"href":"https:\/\/civilpart.hu\/index.php?rest_route=%2Fwp%2Fv2%2Fmedia&parent=27"}],"curies":[{"name":"wp","href":"https:\/\/api.w.org\/{rel}","templated":true}]}}