{"id":258,"date":"2025-11-06T21:33:51","date_gmt":"2025-11-06T21:33:51","guid":{"rendered":"https:\/\/civilpart.hu\/?page_id=258"},"modified":"2026-03-24T10:57:20","modified_gmt":"2026-03-24T10:57:20","slug":"valasztas-2026","status":"publish","type":"page","link":"https:\/\/civilpart.hu\/?page_id=258","title":{"rendered":"V\u00e1laszt\u00e1s 2026"},"content":{"rendered":"<div id=\"themify_builder_content-258\" data-postid=\"258\" class=\"themify_builder_content themify_builder_content-258 themify_builder\">\n\n    \t\t\t\t<!-- module_row -->\n\t\t<div  class=\"themify_builder_row module_row clearfix module_row_0 themify_builder_258_row module_row_258-0\">\n\t\t\t\t\t\t<div class=\"row_inner col_align_top\" >\n                            \n\t\t<div  class=\"module_column tb-column col-full first tb_258_column module_column_0 module_column_258-0-0\" >\n                                                                <div class=\"tb-column-inner\">\n                            \n\n    <!-- module image -->\n    <div  id=\"image-258-0-0-0\" class=\"module module-image image-258-0-0-0  image-center  \">\n        <!--insert-->\n        \n        <div class=\"image-wrap\">\n                            <img loading=\"lazy\" decoding=\"async\" width=\"1151\" height=\"768\" src=\"https:\/\/civilpart.hu\/wp-content\/uploads\/2019\/01\/ballot-black-and-white-black-and-white-1550337.jpg\" class=\" wp-post-image wp-image-44\" alt=\"2026-ban Orsz\u00e1ggy\u0171l\u00e9si k\u00e9pvisel\u0151ket v\u00e1lasztunk!\" srcset=\"https:\/\/civilpart.hu\/wp-content\/uploads\/2019\/01\/ballot-black-and-white-black-and-white-1550337.jpg 1151w, https:\/\/civilpart.hu\/wp-content\/uploads\/2019\/01\/ballot-black-and-white-black-and-white-1550337-300x200.jpg 300w, https:\/\/civilpart.hu\/wp-content\/uploads\/2019\/01\/ballot-black-and-white-black-and-white-1550337-768x512.jpg 768w, https:\/\/civilpart.hu\/wp-content\/uploads\/2019\/01\/ballot-black-and-white-black-and-white-1550337-1024x683.jpg 1024w\" sizes=\"(max-width: 1151px) 100vw, 1151px\" \/>            \n                        <\/div>\n            <!-- \/image-wrap -->\n        \n                    <div class=\"image-content\">\n                \n                                        <div class=\"image-caption\">\n                        2026-ban Orsz\u00e1ggy\u0171l\u00e9si k\u00e9pvisel\u0151ket v\u00e1lasztunk!                <\/div>\n                <!-- \/image-caption -->\n                            <\/div>\n            <!-- \/image-content -->\n        \n            <\/div>\n    <!-- \/module image -->\n\n                        <\/div>\n                    \t\t<\/div>\n\t\t                                <\/div>\n                                <!-- \/row_inner -->\n                        <\/div>\n                        <!-- \/module_row -->\n\t\t\t\t\t\t<!-- module_row -->\n\t\t<div  class=\"themify_builder_row module_row clearfix module_row_1 themify_builder_258_row module_row_258-1\">\n\t\t\t\t\t\t<div class=\"row_inner col_align_top\" >\n                            \n\t\t<div  class=\"module_column tb-column col-full first tb_258_column module_column_0 module_column_258-1-0\" >\n                                                                <div class=\"tb-column-inner\">\n                            \n\n    <!-- module image -->\n    <div  id=\"image-258-1-0-0\" class=\"module module-image image-258-1-0-0  image-center  \">\n        <!--insert-->\n        \n        <div class=\"image-wrap\">\n                            <img loading=\"lazy\" decoding=\"async\" width=\"275\" height=\"183\" src=\"https:\/\/civilpart.hu\/wp-content\/uploads\/2025\/11\/x.png\" class=\" wp-post-image wp-image-260\" alt=\"x\" \/>            \n                        <\/div>\n            <!-- \/image-wrap -->\n        \n        \n            <\/div>\n    <!-- \/module image -->\n\n\n\n<!-- module text -->\n<div  id=\"text-258-1-0-1\" class=\"module module-text text-258-1-0-1  repeat  \">\n    <!--insert-->\n    \n        <p style=\"text-align: center;\"><strong>\u00d6sszefog\u00e1s a Civilek\u00e9rt P\u00e1rt<\/strong> = <strong>OCP<\/strong><\/p>\n<p style=\"text-align: center;\">106 f\u0151vel indult volna a 2026-os orsz\u00e1ggy\u0171l\u00e9si k\u00e9pvisel\u0151 v\u00e1laszt\u00e1son.\u00a0<\/p>\n<p style=\"text-align: center;\">Sajnos a v\u00e1laszt\u00e1si bizotts\u00e1g elutas\u00edtotta az indul\u00e1sunkat.<\/p>\n<p>\u00a0<\/p>\n<p style=\"text-align: center;\">\u00cdgy azt tudjuk mondani, hogy<\/p>\n<p style=\"text-align: center;\">szavazz a TISZA orsz\u00e1ggy\u0171l\u00e9si k\u00e9pvisel\u0151 jel\u00f6ltjeire!<\/p>\n<p>\u00a0<\/p>\n<p style=\"text-align: center;\"><strong>Bizalom<\/strong> \u00e9s <strong>Biztons\u00e1g<\/strong><\/p>\n<p style=\"text-align: center;\">=<\/p>\n<p style=\"text-align: center;\"><strong>\u00d6sszefog\u00e1s a Civilek\u00e9rt P\u00e1rt<\/strong>\u00a0<\/p>        <\/div>\n<!-- \/module text -->\n\n                        <\/div>\n                    \t\t<\/div>\n\t\t                                <\/div>\n                                <!-- \/row_inner -->\n                        <\/div>\n                        <!-- \/module_row -->\n\t\t<\/div>\n","protected":false},"excerpt":{"rendered":"<p>2026-ban Orsz\u00e1ggy\u0171l\u00e9si k\u00e9pvisel\u0151ket v\u00e1lasztunk! \u00d6sszefog\u00e1s a Civilek\u00e9rt P\u00e1rt = OCP 106 f\u0151vel indult volna a 2026-os orsz\u00e1ggy\u0171l\u00e9si k\u00e9pvisel\u0151 v\u00e1laszt\u00e1son.\u00a0 Sajnos a v\u00e1laszt\u00e1si bizotts\u00e1g elutas\u00edtotta az indul\u00e1sunkat. \u00a0 \u00cdgy azt tudjuk mondani, hogy szavazz a TISZA orsz\u00e1ggy\u0171l\u00e9si k\u00e9pvisel\u0151 jel\u00f6ltjeire! \u00a0 Bizalom \u00e9s Biztons\u00e1g = \u00d6sszefog\u00e1s a Civilek\u00e9rt P\u00e1rt\u00a0<\/p>\n","protected":false},"author":1,"featured_media":0,"parent":0,"menu_order":0,"comment_status":"closed","ping_status":"closed","template":"","meta":{"footnotes":""},"_links":{"self":[{"href":"https:\/\/civilpart.hu\/index.php?rest_route=\/wp\/v2\/pages\/258"}],"collection":[{"href":"https:\/\/civilpart.hu\/index.php?rest_route=\/wp\/v2\/pages"}],"about":[{"href":"https:\/\/civilpart.hu\/index.php?rest_route=\/wp\/v2\/types\/page"}],"author":[{"embeddable":true,"href":"https:\/\/civilpart.hu\/index.php?rest_route=\/wp\/v2\/users\/1"}],"replies":[{"embeddable":true,"href":"https:\/\/civilpart.hu\/index.php?rest_route=%2Fwp%2Fv2%2Fcomments&post=258"}],"version-history":[{"count":15,"href":"https:\/\/civilpart.hu\/index.php?rest_route=\/wp\/v2\/pages\/258\/revisions"}],"predecessor-version":[{"id":285,"href":"https:\/\/civilpart.hu\/index.php?rest_route=\/wp\/v2\/pages\/258\/revisions\/285"}],"wp:attachment":[{"href":"https:\/\/civilpart.hu\/index.php?rest_route=%2Fwp%2Fv2%2Fmedia&parent=258"}],"curies":[{"name":"wp","href":"https:\/\/api.w.org\/{rel}","templated":true}]}}